{"id":1383,"date":"2021-11-17T21:23:19","date_gmt":"2021-11-17T20:23:19","guid":{"rendered":"https:\/\/www.pistadegelplatjadaro.com\/?page_id=1383"},"modified":"2024-10-25T15:46:38","modified_gmt":"2024-10-25T13:46:38","slug":"avis-legal","status":"publish","type":"page","link":"https:\/\/www.pistadegelplatjadaro.com\/es\/avis-legal\/","title":{"rendered":"Aviso legal"},"content":{"rendered":"<h4>Informaci\u00f3n de conformidad con el art\u00edculo 10 de la LSSI<\/h4>\n<h3>El titular de esta web es:<\/h3>\n<p>Identidad: <strong>Rising Pop S.L.<\/strong><br \/>\nC.I.F.: <strong>B63703888<\/strong><br \/>\nDirecci\u00f3n: <strong>Avinguda S\u2019Agar\u00f3, 110. 17250 Platja d\u2019Aro. Girona.<br \/>\n<\/strong>Correo electr\u00f3nico<strong>:<\/strong> <a href=\"mailto:info@pistadegelplatjadaro.com\"><strong>info@pistadegelplatjadaro.com<\/strong><\/a><\/p>\n<h3>Condiciones de uso<\/h3>\n<p style=\"text-align: justify;\">El uso de esta web implica la aceptaci\u00f3n plena de los t\u00e9rminos y condiciones del presente aviso legal. Los posibles conflictos relativos a esta web se regir\u00e1n exclusivamente por el derecho del Estado espa\u00f1ol. Toda persona usuaria de la web, independientemente de la jurisdicci\u00f3n territorial desde la que se produzca su acceso, acepta el cumplimiento y respeto de estas cl\u00e1usulas con renuncia expresa a cualquier otro fuero que pudiera corresponderle.<\/p>\n<h3>Propiedad intelectual e industrial<\/h3>\n<p style=\"text-align: justify;\">La totalidad del contenido de este sitio web, ya sean textos, im\u00e1genes, sonidos, marcas, logotipos u otros elementos, as\u00ed como subestructura, dise\u00f1o, combinaciones de colores o forma de presentaci\u00f3n de los materiales, est\u00e1n protegidos por derechos de propiedad industrial e intelectual que el usuario de este sitio web debe respetar. No es l\u00edcita su transformaci\u00f3n o alteraci\u00f3n, comunicaci\u00f3n p\u00fablica o cualquier otra forma de explotaci\u00f3n por cualquier procedimiento sin la autorizaci\u00f3n expresa de\u00a0<strong>Rising Pop S.L.<\/strong><\/p>\n<h3>Responsabilidad sobre los contenidos<\/h3>\n<p style=\"text-align: justify;\">Aunque\u00a0<strong>Rising Pop S.L.<\/strong> act\u00faa con la m\u00e1xima diligencia posible, puede darse el caso de que alg\u00fan dato o informaci\u00f3n no est\u00e9 del todo actualizada en el momento que el usuario del sitio web lo consulte. Por ello, las informaciones que se presentan en esta web tienen una funci\u00f3n orientativa y no obligan a\u00a0<strong>Rising Pop S.L.<\/strong><\/p>\n<p style=\"text-align: justify;\"><strong>Rising Pop S.L.<\/strong> no ser\u00e1 responsable de la informaci\u00f3n que se pueda obtener a trav\u00e9s de enlaces incluidos en su web.<\/p>\n<p style=\"text-align: justify;\"><strong>Rising Pop S.L.<\/strong> se reserva la facultad de realizar, en cualquier momento y sin necesidad de preaviso, modificaciones o actualizaciones de la informaci\u00f3n y de cualquiera de los elementos que integren el dise\u00f1o y configuraci\u00f3n de la p\u00e1gina web.<\/p>\n<h3>Ley aplicable y jurisdicci\u00f3n<\/h3>\n<p style=\"text-align: justify;\">El uso de este sitio web implica la aceptaci\u00f3n plena de los t\u00e9rminos y condiciones de la presente pol\u00edtica legal. Los posibles conflictos relativos a esta web se regir\u00e1n exclusivamente por la legislaci\u00f3n espa\u00f1ola, siendo competentes los Juzgados y Tribunales espa\u00f1oles para conocer de cuantas cuestiones se susciten sobre ella. El usuario, por virtud de su aceptaci\u00f3n renuncia expresamente a cualquier fuero que por aplicaci\u00f3n de la Ley de Enjuiciamiento Civil vigente pudiera corresponderle.<\/p>","protected":false},"excerpt":{"rendered":"<p>Informaci\u00f3 de Conformitat amb l&#8217;article 10 de la LSSI El titular d&#8217;aquesta web \u00e9s: Identitat: Rising Pop S.L. C.I.F.: B63703888 Adre\u00e7a: Avinguda S\u2019Agar\u00f3, 110. 17250 Platja d\u2019Aro. Girona. Correu electr\u00f2nic: info@pistadegelplatjadaro.com Condicions d&#8217;\u00fas L&#8217;\u00fas d&#8217;aquest web implica l&#8217;acceptaci\u00f3 plena dels termes i condicions del present av\u00eds legal. Els possibles conflictes relatius a aquest web es<br \/><a class=\"moretag\" href=\"https:\/\/www.pistadegelplatjadaro.com\/es\/avis-legal\/\">+ Read More<\/a><\/p>","protected":false},"author":1,"featured_media":1042,"parent":0,"menu_order":0,"comment_status":"closed","ping_status":"closed","template":"templates\/page-fullwidth_template.php","meta":{"footnotes":""},"class_list":["post-1383","page","type-page","status-publish","has-post-thumbnail","hentry"],"yoast_head":"<!-- This site is optimized with the Yoast SEO plugin v27.5 - https:\/\/yoast.com\/product\/yoast-seo-wordpress\/ -->\n<title>Av\u00eds legal - Pista de Gel Platja d&#039;Aro<\/title>\n<meta name=\"robots\" content=\"index, follow, max-snippet:-1, max-image-preview:large, max-video-preview:-1\" \/>\n<link rel=\"canonical\" href=\"https:\/\/www.pistadegelplatjadaro.com\/es\/avis-legal\/\" \/>\n<meta property=\"og:locale\" content=\"es_ES\" \/>\n<meta property=\"og:type\" content=\"article\" \/>\n<meta property=\"og:title\" content=\"Av\u00eds legal - Pista de Gel Platja d&#039;Aro\" \/>\n<meta property=\"og:description\" content=\"Informaci\u00f3 de Conformitat amb l&#8217;article 10 de la LSSI El titular d&#8217;aquesta web \u00e9s: Identitat: Rising Pop S.L. C.I.F.: B63703888 Adre\u00e7a: Avinguda S\u2019Agar\u00f3, 110. 17250 Platja d\u2019Aro. Girona. Correu electr\u00f2nic: info@pistadegelplatjadaro.com Condicions d&#8217;\u00fas L&#8217;\u00fas d&#8217;aquest web implica l&#8217;acceptaci\u00f3 plena dels termes i condicions del present av\u00eds legal. Els possibles conflictes relatius a aquest web es+ Read More\" \/>\n<meta property=\"og:url\" content=\"https:\/\/www.pistadegelplatjadaro.com\/es\/avis-legal\/\" \/>\n<meta property=\"og:site_name\" content=\"Pista de Gel Platja d&#039;Aro\" \/>\n<meta property=\"article:publisher\" content=\"https:\/\/www.facebook.com\/pistadegelplatjadaro\" \/>\n<meta property=\"article:modified_time\" content=\"2024-10-25T13:46:38+00:00\" \/>\n<meta property=\"og:image\" content=\"https:\/\/www.pistadegelplatjadaro.com\/wp-content\/uploads\/2019\/11\/Pista-Gel-Platja-dAro-H04-.jpg\" \/>\n\t<meta property=\"og:image:width\" content=\"1400\" \/>\n\t<meta property=\"og:image:height\" content=\"300\" \/>\n\t<meta property=\"og:image:type\" content=\"image\/jpeg\" \/>\n<meta name=\"twitter:card\" content=\"summary_large_image\" \/>\n<meta name=\"twitter:label1\" content=\"Tiempo de lectura\" \/>\n\t<meta name=\"twitter:data1\" content=\"2 minutos\" \/>\n<script type=\"application\/ld+json\" class=\"yoast-schema-graph\">{\"@context\":\"https:\\\/\\\/schema.org\",\"@graph\":[{\"@type\":\"WebPage\",\"@id\":\"https:\\\/\\\/www.pistadegelplatjadaro.com\\\/avis-legal\\\/\",\"url\":\"https:\\\/\\\/www.pistadegelplatjadaro.com\\\/avis-legal\\\/\",\"name\":\"Av\u00eds legal - Pista de Gel Platja d&#039;Aro\",\"isPartOf\":{\"@id\":\"https:\\\/\\\/www.pistadegelplatjadaro.com\\\/#website\"},\"primaryImageOfPage\":{\"@id\":\"https:\\\/\\\/www.pistadegelplatjadaro.com\\\/avis-legal\\\/#primaryimage\"},\"image\":{\"@id\":\"https:\\\/\\\/www.pistadegelplatjadaro.com\\\/avis-legal\\\/#primaryimage\"},\"thumbnailUrl\":\"https:\\\/\\\/www.pistadegelplatjadaro.com\\\/wp-content\\\/uploads\\\/2019\\\/11\\\/Pista-Gel-Platja-dAro-H04-.jpg\",\"datePublished\":\"2021-11-17T20:23:19+00:00\",\"dateModified\":\"2024-10-25T13:46:38+00:00\",\"breadcrumb\":{\"@id\":\"https:\\\/\\\/www.pistadegelplatjadaro.com\\\/avis-legal\\\/#breadcrumb\"},\"inLanguage\":\"es\",\"potentialAction\":[{\"@type\":\"ReadAction\",\"target\":[\"https:\\\/\\\/www.pistadegelplatjadaro.com\\\/avis-legal\\\/\"]}]},{\"@type\":\"ImageObject\",\"inLanguage\":\"es\",\"@id\":\"https:\\\/\\\/www.pistadegelplatjadaro.com\\\/avis-legal\\\/#primaryimage\",\"url\":\"https:\\\/\\\/www.pistadegelplatjadaro.com\\\/wp-content\\\/uploads\\\/2019\\\/11\\\/Pista-Gel-Platja-dAro-H04-.jpg\",\"contentUrl\":\"https:\\\/\\\/www.pistadegelplatjadaro.com\\\/wp-content\\\/uploads\\\/2019\\\/11\\\/Pista-Gel-Platja-dAro-H04-.jpg\",\"width\":1400,\"height\":300,\"caption\":\"Pista Gel Platja d'Aro\"},{\"@type\":\"BreadcrumbList\",\"@id\":\"https:\\\/\\\/www.pistadegelplatjadaro.com\\\/avis-legal\\\/#breadcrumb\",\"itemListElement\":[{\"@type\":\"ListItem\",\"position\":1,\"name\":\"Home\",\"item\":\"https:\\\/\\\/www.pistadegelplatjadaro.com\\\/\"},{\"@type\":\"ListItem\",\"position\":2,\"name\":\"Av\u00eds legal\"}]},{\"@type\":\"WebSite\",\"@id\":\"https:\\\/\\\/www.pistadegelplatjadaro.com\\\/#website\",\"url\":\"https:\\\/\\\/www.pistadegelplatjadaro.com\\\/\",\"name\":\"Pista de Gel Platja d&#039;Aro\",\"description\":\"Posa&#039;t els patins i vine a somiar amb nosaltres!\",\"publisher\":{\"@id\":\"https:\\\/\\\/www.pistadegelplatjadaro.com\\\/#organization\"},\"potentialAction\":[{\"@type\":\"SearchAction\",\"target\":{\"@type\":\"EntryPoint\",\"urlTemplate\":\"https:\\\/\\\/www.pistadegelplatjadaro.com\\\/?s={search_term_string}\"},\"query-input\":{\"@type\":\"PropertyValueSpecification\",\"valueRequired\":true,\"valueName\":\"search_term_string\"}}],\"inLanguage\":\"es\"},{\"@type\":\"Organization\",\"@id\":\"https:\\\/\\\/www.pistadegelplatjadaro.com\\\/#organization\",\"name\":\"Pista de Gel Platja d'Aro\",\"url\":\"https:\\\/\\\/www.pistadegelplatjadaro.com\\\/\",\"logo\":{\"@type\":\"ImageObject\",\"inLanguage\":\"es\",\"@id\":\"https:\\\/\\\/www.pistadegelplatjadaro.com\\\/#\\\/schema\\\/logo\\\/image\\\/\",\"url\":\"https:\\\/\\\/www.pistadegelplatjadaro.com\\\/wp-content\\\/uploads\\\/2019\\\/10\\\/Pista-de-Gel-Platja-dAro-Logo-XL.jpg\",\"contentUrl\":\"https:\\\/\\\/www.pistadegelplatjadaro.com\\\/wp-content\\\/uploads\\\/2019\\\/10\\\/Pista-de-Gel-Platja-dAro-Logo-XL.jpg\",\"width\":400,\"height\":192,\"caption\":\"Pista de Gel Platja d'Aro\"},\"image\":{\"@id\":\"https:\\\/\\\/www.pistadegelplatjadaro.com\\\/#\\\/schema\\\/logo\\\/image\\\/\"},\"sameAs\":[\"https:\\\/\\\/www.facebook.com\\\/pistadegelplatjadaro\",\"https:\\\/\\\/www.instagram.com\\\/pistadegelplatjadaro\\\/\"]}]}<\/script>\n<!-- \/ Yoast SEO plugin. -->","yoast_head_json":{"title":"Av\u00eds legal - Pista de Gel Platja d&#039;Aro","robots":{"index":"index","follow":"follow","max-snippet":"max-snippet:-1","max-image-preview":"max-image-preview:large","max-video-preview":"max-video-preview:-1"},"canonical":"https:\/\/www.pistadegelplatjadaro.com\/es\/avis-legal\/","og_locale":"es_ES","og_type":"article","og_title":"Av\u00eds legal - Pista de Gel Platja d&#039;Aro","og_description":"Informaci\u00f3 de Conformitat amb l&#8217;article 10 de la LSSI El titular d&#8217;aquesta web \u00e9s: Identitat: Rising Pop S.L. C.I.F.: B63703888 Adre\u00e7a: Avinguda S\u2019Agar\u00f3, 110. 17250 Platja d\u2019Aro. Girona. Correu electr\u00f2nic: info@pistadegelplatjadaro.com Condicions d&#8217;\u00fas L&#8217;\u00fas d&#8217;aquest web implica l&#8217;acceptaci\u00f3 plena dels termes i condicions del present av\u00eds legal. Els possibles conflictes relatius a aquest web es+ Read More","og_url":"https:\/\/www.pistadegelplatjadaro.com\/es\/avis-legal\/","og_site_name":"Pista de Gel Platja d&#039;Aro","article_publisher":"https:\/\/www.facebook.com\/pistadegelplatjadaro","article_modified_time":"2024-10-25T13:46:38+00:00","og_image":[{"width":1400,"height":300,"url":"https:\/\/www.pistadegelplatjadaro.com\/wp-content\/uploads\/2019\/11\/Pista-Gel-Platja-dAro-H04-.jpg","type":"image\/jpeg"}],"twitter_card":"summary_large_image","twitter_misc":{"Tiempo de lectura":"2 minutos"},"schema":{"@context":"https:\/\/schema.org","@graph":[{"@type":"WebPage","@id":"https:\/\/www.pistadegelplatjadaro.com\/avis-legal\/","url":"https:\/\/www.pistadegelplatjadaro.com\/avis-legal\/","name":"Av\u00eds legal - Pista de Gel Platja d&#039;Aro","isPartOf":{"@id":"https:\/\/www.pistadegelplatjadaro.com\/#website"},"primaryImageOfPage":{"@id":"https:\/\/www.pistadegelplatjadaro.com\/avis-legal\/#primaryimage"},"image":{"@id":"https:\/\/www.pistadegelplatjadaro.com\/avis-legal\/#primaryimage"},"thumbnailUrl":"https:\/\/www.pistadegelplatjadaro.com\/wp-content\/uploads\/2019\/11\/Pista-Gel-Platja-dAro-H04-.jpg","datePublished":"2021-11-17T20:23:19+00:00","dateModified":"2024-10-25T13:46:38+00:00","breadcrumb":{"@id":"https:\/\/www.pistadegelplatjadaro.com\/avis-legal\/#breadcrumb"},"inLanguage":"es","potentialAction":[{"@type":"ReadAction","target":["https:\/\/www.pistadegelplatjadaro.com\/avis-legal\/"]}]},{"@type":"ImageObject","inLanguage":"es","@id":"https:\/\/www.pistadegelplatjadaro.com\/avis-legal\/#primaryimage","url":"https:\/\/www.pistadegelplatjadaro.com\/wp-content\/uploads\/2019\/11\/Pista-Gel-Platja-dAro-H04-.jpg","contentUrl":"https:\/\/www.pistadegelplatjadaro.com\/wp-content\/uploads\/2019\/11\/Pista-Gel-Platja-dAro-H04-.jpg","width":1400,"height":300,"caption":"Pista Gel Platja d'Aro"},{"@type":"BreadcrumbList","@id":"https:\/\/www.pistadegelplatjadaro.com\/avis-legal\/#breadcrumb","itemListElement":[{"@type":"ListItem","position":1,"name":"Home","item":"https:\/\/www.pistadegelplatjadaro.com\/"},{"@type":"ListItem","position":2,"name":"Av\u00eds legal"}]},{"@type":"WebSite","@id":"https:\/\/www.pistadegelplatjadaro.com\/#website","url":"https:\/\/www.pistadegelplatjadaro.com\/","name":"Pista de Gel Platja d&#039;Aro","description":"Ponte los patines y \u00a1ven a so\u00f1ar con nosotros!","publisher":{"@id":"https:\/\/www.pistadegelplatjadaro.com\/#organization"},"potentialAction":[{"@type":"SearchAction","target":{"@type":"EntryPoint","urlTemplate":"https:\/\/www.pistadegelplatjadaro.com\/?s={search_term_string}"},"query-input":{"@type":"PropertyValueSpecification","valueRequired":true,"valueName":"search_term_string"}}],"inLanguage":"es"},{"@type":"Organization","@id":"https:\/\/www.pistadegelplatjadaro.com\/#organization","name":"Pista de Gel Platja d'Aro","url":"https:\/\/www.pistadegelplatjadaro.com\/","logo":{"@type":"ImageObject","inLanguage":"es","@id":"https:\/\/www.pistadegelplatjadaro.com\/#\/schema\/logo\/image\/","url":"https:\/\/www.pistadegelplatjadaro.com\/wp-content\/uploads\/2019\/10\/Pista-de-Gel-Platja-dAro-Logo-XL.jpg","contentUrl":"https:\/\/www.pistadegelplatjadaro.com\/wp-content\/uploads\/2019\/10\/Pista-de-Gel-Platja-dAro-Logo-XL.jpg","width":400,"height":192,"caption":"Pista de Gel Platja d'Aro"},"image":{"@id":"https:\/\/www.pistadegelplatjadaro.com\/#\/schema\/logo\/image\/"},"sameAs":["https:\/\/www.facebook.com\/pistadegelplatjadaro","https:\/\/www.instagram.com\/pistadegelplatjadaro\/"]}]}},"_links":{"self":[{"href":"https:\/\/www.pistadegelplatjadaro.com\/es\/wp-json\/wp\/v2\/pages\/1383","targetHints":{"allow":["GET"]}}],"collection":[{"href":"https:\/\/www.pistadegelplatjadaro.com\/es\/wp-json\/wp\/v2\/pages"}],"about":[{"href":"https:\/\/www.pistadegelplatjadaro.com\/es\/wp-json\/wp\/v2\/types\/page"}],"author":[{"embeddable":true,"href":"https:\/\/www.pistadegelplatjadaro.com\/es\/wp-json\/wp\/v2\/users\/1"}],"replies":[{"embeddable":true,"href":"https:\/\/www.pistadegelplatjadaro.com\/es\/wp-json\/wp\/v2\/comments?post=1383"}],"version-history":[{"count":0,"href":"https:\/\/www.pistadegelplatjadaro.com\/es\/wp-json\/wp\/v2\/pages\/1383\/revisions"}],"wp:featuredmedia":[{"embeddable":true,"href":"https:\/\/www.pistadegelplatjadaro.com\/es\/wp-json\/wp\/v2\/media\/1042"}],"wp:attachment":[{"href":"https:\/\/www.pistadegelplatjadaro.com\/es\/wp-json\/wp\/v2\/media?parent=1383"}],"curies":[{"name":"wp","href":"https:\/\/api.w.org\/{rel}","templated":true}]}}