{"id":609,"date":"2019-11-19T11:00:39","date_gmt":"2019-11-19T10:00:39","guid":{"rendered":"https:\/\/www.pistadegelplatjadaro.com\/?page_id=609"},"modified":"2025-10-11T18:31:48","modified_gmt":"2025-10-11T16:31:48","slug":"normativa","status":"publish","type":"page","link":"https:\/\/www.pistadegelplatjadaro.com\/es\/normativa\/","title":{"rendered":"Normativa"},"content":{"rendered":"<div data-elementor-type=\"wp-page\" data-elementor-id=\"609\" class=\"elementor elementor-609\" data-elementor-post-type=\"page\">\n\t\t\t\t\t\t<section class=\"elementor-section elementor-top-section elementor-element elementor-element-8ed4705 elementor-section-full_width elementor-section-height-default elementor-section-height-default\" data-id=\"8ed4705\" data-element_type=\"section\" data-e-type=\"section\">\n\t\t\t\t\t\t<div class=\"elementor-container elementor-column-gap-no\">\n\t\t\t\t\t<div class=\"elementor-column elementor-col-100 elementor-top-column elementor-element elementor-element-06aed73\" data-id=\"06aed73\" data-element_type=\"column\" data-e-type=\"column\">\n\t\t\t<div class=\"elementor-widget-wrap elementor-element-populated\">\n\t\t\t\t\t\t<div class=\"elementor-element elementor-element-d9d1030 elementor-icon-list--layout-inline elementor-align-center elementor-list-item-link-full_width elementor-widget elementor-widget-icon-list\" data-id=\"d9d1030\" data-element_type=\"widget\" data-e-type=\"widget\" data-widget_type=\"icon-list.default\">\n\t\t\t\t<div class=\"elementor-widget-container\">\n\t\t\t\t\t\t\t<ul class=\"elementor-icon-list-items elementor-inline-items\">\n\t\t\t\t\t\t\t<li class=\"elementor-icon-list-item elementor-inline-item\">\n\t\t\t\t\t\t\t\t\t\t\t<span class=\"elementor-icon-list-icon\">\n\t\t\t\t\t\t\t<svg aria-hidden=\"true\" class=\"e-font-icon-svg e-fas-skating\" viewbox=\"0 0 448 512\" xmlns=\"http:\/\/www.w3.org\/2000\/svg\"><path d=\"M400 0c-26.5 0-48 21.5-48 48s21.5 48 48 48 48-21.5 48-48-21.5-48-48-48zm0 448c-8.8 0-16 7.2-16 16s-7.2 16-16 16h-96c-8.8 0-16 7.2-16 16s7.2 16 16 16h96c26.5 0 48-21.5 48-48 0-8.8-7.2-16-16-16zm-282.2 8.6c-6.2 6.2-16.4 6.3-22.6 0l-67.9-67.9c-6.2-6.2-16.4-6.2-22.6 0s-6.2 16.4 0 22.6l67.9 67.9c9.4 9.4 21.7 14 34 14s24.6-4.7 33.9-14c6.2-6.2 6.2-16.4 0-22.6s-16.4-6.3-22.7 0zm56.1-179.8l-93.7 93.7c-12.5 12.5-12.5 32.8 0 45.2 6.2 6.2 14.4 9.4 22.6 9.4s16.4-3.1 22.6-9.4l91.9-91.9-30.2-30.2c-5-5-9.4-10.7-13.2-16.8zM128 160h105.5l-20.1 17.2c-13.5 11.5-21.6 28.4-22.3 46.1-.7 17.8 6.1 35.2 18.7 47.7l78.2 78.2V432c0 17.7 14.3 32 32 32s32-14.3 32-32v-89.4c0-12.6-5.1-25-14.1-33.9l-61-61c.5-.4 1.2-.6 1.7-1.1l82.3-82.3c11.5-11.5 14.9-28.6 8.7-43.6-6.2-15-20.7-24.7-37-24.7H128c-17.7 0-32 14.3-32 32s14.3 32 32 32z\"><\/path><\/svg>\t\t\t\t\t\t<\/span>\n\t\t\t\t\t\t\t\t\t\t<span class=\"elementor-icon-list-text\">Es obligatorio<\/span>\n\t\t\t\t\t\t\t\t\t<\/li>\n\t\t\t\t\t\t<\/ul>\n\t\t\t\t\t\t<\/div>\n\t\t\t\t<\/div>\n\t\t\t\t<div class=\"elementor-element elementor-element-72f6ee2 elementor-widget elementor-widget-text-editor\" data-id=\"72f6ee2\" data-element_type=\"widget\" data-e-type=\"widget\" data-widget_type=\"text-editor.default\">\n\t\t\t\t<div class=\"elementor-widget-container\">\n\t\t\t\t\t\t\t\t\t<ul><li>Uso de guantes en la pista.<\/li><li>Llevar manga y pantal\u00f3n largo.<\/li><li>Seguir el sentido de giro indicado por los monitores.<\/li><li>Los menores de 5 a\u00f1os deben ir acompa\u00f1ados de un adulto.<\/li><\/ul>\t\t\t\t\t\t\t\t<\/div>\n\t\t\t\t<\/div>\n\t\t\t\t<div class=\"elementor-element elementor-element-46f1b1f elementor-icon-list--layout-inline elementor-align-center elementor-mobile-align-center elementor-list-item-link-full_width elementor-widget elementor-widget-icon-list\" data-id=\"46f1b1f\" data-element_type=\"widget\" data-e-type=\"widget\" data-widget_type=\"icon-list.default\">\n\t\t\t\t<div class=\"elementor-widget-container\">\n\t\t\t\t\t\t\t<ul class=\"elementor-icon-list-items elementor-inline-items\">\n\t\t\t\t\t\t\t<li class=\"elementor-icon-list-item elementor-inline-item\">\n\t\t\t\t\t\t\t\t\t\t\t<span class=\"elementor-icon-list-icon\">\n\t\t\t\t\t\t\t<svg aria-hidden=\"true\" class=\"e-font-icon-svg e-fas-ban\" viewbox=\"0 0 512 512\" xmlns=\"http:\/\/www.w3.org\/2000\/svg\"><path d=\"M256 8C119.034 8 8 119.033 8 256s111.034 248 248 248 248-111.034 248-248S392.967 8 256 8zm130.108 117.892c65.448 65.448 70 165.481 20.677 235.637L150.47 105.216c70.204-49.356 170.226-44.735 235.638 20.676zM125.892 386.108c-65.448-65.448-70-165.481-20.677-235.637L361.53 406.784c-70.203 49.356-170.226 44.736-235.638-20.676z\"><\/path><\/svg>\t\t\t\t\t\t<\/span>\n\t\t\t\t\t\t\t\t\t\t<span class=\"elementor-icon-list-text\">Queda prohibido<\/span>\n\t\t\t\t\t\t\t\t\t<\/li>\n\t\t\t\t\t\t<\/ul>\n\t\t\t\t\t\t<\/div>\n\t\t\t\t<\/div>\n\t\t\t\t<div class=\"elementor-element elementor-element-7985ee3 elementor-widget elementor-widget-text-editor\" data-id=\"7985ee3\" data-element_type=\"widget\" data-e-type=\"widget\" data-widget_type=\"text-editor.default\">\n\t\t\t\t<div class=\"elementor-widget-container\">\n\t\t\t\t\t\t\t\t\t<ul><li>Comer, beber o fumar en la pista.<\/li><li>Patinar m\u00e1s de dos personas cogidas.<\/li><li>Entrar en la pista cualquier objeto.<\/li><li>Saltar, hacer carreras o molestar a los dem\u00e1s patinadores.<\/li><\/ul>\t\t\t\t\t\t\t\t<\/div>\n\t\t\t\t<\/div>\n\t\t\t\t<div class=\"elementor-element elementor-element-677bc59 elementor-icon-list--layout-inline elementor-align-center elementor-list-item-link-full_width elementor-widget elementor-widget-icon-list\" data-id=\"677bc59\" data-element_type=\"widget\" data-e-type=\"widget\" data-widget_type=\"icon-list.default\">\n\t\t\t\t<div class=\"elementor-widget-container\">\n\t\t\t\t\t\t\t<ul class=\"elementor-icon-list-items elementor-inline-items\">\n\t\t\t\t\t\t\t<li class=\"elementor-icon-list-item elementor-inline-item\">\n\t\t\t\t\t\t\t\t\t\t\t<span class=\"elementor-icon-list-icon\">\n\t\t\t\t\t\t\t<svg aria-hidden=\"true\" class=\"e-font-icon-svg e-fas-info\" viewbox=\"0 0 192 512\" xmlns=\"http:\/\/www.w3.org\/2000\/svg\"><path d=\"M20 424.229h20V279.771H20c-11.046 0-20-8.954-20-20V212c0-11.046 8.954-20 20-20h112c11.046 0 20 8.954 20 20v212.229h20c11.046 0 20 8.954 20 20V492c0 11.046-8.954 20-20 20H20c-11.046 0-20-8.954-20-20v-47.771c0-11.046 8.954-20 20-20zM96 0C56.235 0 24 32.235 24 72s32.235 72 72 72 72-32.235 72-72S135.764 0 96 0z\"><\/path><\/svg>\t\t\t\t\t\t<\/span>\n\t\t\t\t\t\t\t\t\t\t<span class=\"elementor-icon-list-text\">Aviso<\/span>\n\t\t\t\t\t\t\t\t\t<\/li>\n\t\t\t\t\t\t<\/ul>\n\t\t\t\t\t\t<\/div>\n\t\t\t\t<\/div>\n\t\t\t\t<div class=\"elementor-element elementor-element-54d9908 elementor-widget elementor-widget-text-editor\" data-id=\"54d9908\" data-element_type=\"widget\" data-e-type=\"widget\" data-widget_type=\"text-editor.default\">\n\t\t\t\t<div class=\"elementor-widget-container\">\n\t\t\t\t\t\t\t\t\t<ul><li>La empresa garantiza la seguridad necesaria en la pista y no se hace responsable de los da\u00f1os f\u00edsicos causados \u200b\u200bpor el uso de \u00e9sta ni por terceras personas.<\/li><li>El Usuario se hace responsable de los da\u00f1o que pueda causar a terceras personas.<\/li><li>La empresa no se hace responsable de los objetos dejados en zona vest\u00edbulo sin supervisi\u00f3n (zapatos, abrigos y complementos diversos) as\u00ed como de la p\u00e9rdida o da\u00f1os a objetos de los usuarios dentro del recinto.<\/li><li>La empresa se reserva el derecho de admisi\u00f3n y modificaci\u00f3n del horario.<\/li><li>La entrada a la pista implica la aceptaci\u00f3n de la normativa.<\/li><\/ul>\t\t\t\t\t\t\t\t<\/div>\n\t\t\t\t<\/div>\n\t\t\t\t\t<\/div>\n\t\t<\/div>\n\t\t\t\t\t<\/div>\n\t\t<\/section>\n\t\t\t\t<\/div>","protected":false},"excerpt":{"rendered":"<p>\u00c9s obligatori \u00das de guants a la pista. Portar m\u00e0niga i pantalons llargs. Seguir el sentit de gir indicat pels monitors. Els menors de 5 anys han d&#8217;anar acompanyats d&#8217;un adult. Queda prohibit Menjar, beure o fumar a la pista. Patinar m\u00e9s de dues persones agafades. Entrar a la pista qualsevol objecte. Saltar, fer carreres<br \/><a class=\"moretag\" href=\"https:\/\/www.pistadegelplatjadaro.com\/es\/normativa\/\">+ Read More<\/a><\/p>","protected":false},"author":1,"featured_media":1041,"parent":0,"menu_order":0,"comment_status":"closed","ping_status":"closed","template":"templates\/page-fullwidth_template.php","meta":{"footnotes":""},"class_list":["post-609","page","type-page","status-publish","has-post-thumbnail","hentry"],"yoast_head":"<!-- This site is optimized with the Yoast SEO plugin v27.5 - https:\/\/yoast.com\/product\/yoast-seo-wordpress\/ -->\n<title>Normativa - Pista de Gel Platja d&#039;Aro<\/title>\n<meta name=\"robots\" content=\"index, follow, max-snippet:-1, max-image-preview:large, max-video-preview:-1\" \/>\n<link rel=\"canonical\" href=\"https:\/\/www.pistadegelplatjadaro.com\/es\/normativa\/\" \/>\n<meta property=\"og:locale\" content=\"es_ES\" \/>\n<meta property=\"og:type\" content=\"article\" \/>\n<meta property=\"og:title\" content=\"Normativa - Pista de Gel Platja d&#039;Aro\" \/>\n<meta property=\"og:description\" content=\"\u00c9s obligatori \u00das de guants a la pista. Portar m\u00e0niga i pantalons llargs. Seguir el sentit de gir indicat pels monitors. Els menors de 5 anys han d&#8217;anar acompanyats d&#8217;un adult. Queda prohibit Menjar, beure o fumar a la pista. Patinar m\u00e9s de dues persones agafades. Entrar a la pista qualsevol objecte. Saltar, fer carreres+ Read More\" \/>\n<meta property=\"og:url\" content=\"https:\/\/www.pistadegelplatjadaro.com\/es\/normativa\/\" \/>\n<meta property=\"og:site_name\" content=\"Pista de Gel Platja d&#039;Aro\" \/>\n<meta property=\"article:publisher\" content=\"https:\/\/www.facebook.com\/pistadegelplatjadaro\" \/>\n<meta property=\"article:modified_time\" content=\"2025-10-11T16:31:48+00:00\" \/>\n<meta property=\"og:image\" content=\"https:\/\/www.pistadegelplatjadaro.com\/wp-content\/uploads\/2019\/11\/Pista-Gel-Platja-dAro-H03-.jpg\" \/>\n\t<meta property=\"og:image:width\" content=\"1400\" \/>\n\t<meta property=\"og:image:height\" content=\"300\" \/>\n\t<meta property=\"og:image:type\" content=\"image\/jpeg\" \/>\n<meta name=\"twitter:card\" content=\"summary_large_image\" \/>\n<meta name=\"twitter:label1\" content=\"Tiempo de lectura\" \/>\n\t<meta name=\"twitter:data1\" content=\"1 minuto\" \/>\n<script type=\"application\/ld+json\" class=\"yoast-schema-graph\">{\"@context\":\"https:\\\/\\\/schema.org\",\"@graph\":[{\"@type\":\"WebPage\",\"@id\":\"https:\\\/\\\/www.pistadegelplatjadaro.com\\\/normativa\\\/\",\"url\":\"https:\\\/\\\/www.pistadegelplatjadaro.com\\\/normativa\\\/\",\"name\":\"Normativa - Pista de Gel Platja d&#039;Aro\",\"isPartOf\":{\"@id\":\"https:\\\/\\\/www.pistadegelplatjadaro.com\\\/#website\"},\"primaryImageOfPage\":{\"@id\":\"https:\\\/\\\/www.pistadegelplatjadaro.com\\\/normativa\\\/#primaryimage\"},\"image\":{\"@id\":\"https:\\\/\\\/www.pistadegelplatjadaro.com\\\/normativa\\\/#primaryimage\"},\"thumbnailUrl\":\"https:\\\/\\\/www.pistadegelplatjadaro.com\\\/wp-content\\\/uploads\\\/2019\\\/11\\\/Pista-Gel-Platja-dAro-H03-.jpg\",\"datePublished\":\"2019-11-19T10:00:39+00:00\",\"dateModified\":\"2025-10-11T16:31:48+00:00\",\"breadcrumb\":{\"@id\":\"https:\\\/\\\/www.pistadegelplatjadaro.com\\\/normativa\\\/#breadcrumb\"},\"inLanguage\":\"es\",\"potentialAction\":[{\"@type\":\"ReadAction\",\"target\":[\"https:\\\/\\\/www.pistadegelplatjadaro.com\\\/normativa\\\/\"]}]},{\"@type\":\"ImageObject\",\"inLanguage\":\"es\",\"@id\":\"https:\\\/\\\/www.pistadegelplatjadaro.com\\\/normativa\\\/#primaryimage\",\"url\":\"https:\\\/\\\/www.pistadegelplatjadaro.com\\\/wp-content\\\/uploads\\\/2019\\\/11\\\/Pista-Gel-Platja-dAro-H03-.jpg\",\"contentUrl\":\"https:\\\/\\\/www.pistadegelplatjadaro.com\\\/wp-content\\\/uploads\\\/2019\\\/11\\\/Pista-Gel-Platja-dAro-H03-.jpg\",\"width\":1400,\"height\":300,\"caption\":\"Pista Gel Platja d'Aro\"},{\"@type\":\"BreadcrumbList\",\"@id\":\"https:\\\/\\\/www.pistadegelplatjadaro.com\\\/normativa\\\/#breadcrumb\",\"itemListElement\":[{\"@type\":\"ListItem\",\"position\":1,\"name\":\"Home\",\"item\":\"https:\\\/\\\/www.pistadegelplatjadaro.com\\\/\"},{\"@type\":\"ListItem\",\"position\":2,\"name\":\"Normativa\"}]},{\"@type\":\"WebSite\",\"@id\":\"https:\\\/\\\/www.pistadegelplatjadaro.com\\\/#website\",\"url\":\"https:\\\/\\\/www.pistadegelplatjadaro.com\\\/\",\"name\":\"Pista de Gel Platja d&#039;Aro\",\"description\":\"Posa&#039;t els patins i vine a somiar amb nosaltres!\",\"publisher\":{\"@id\":\"https:\\\/\\\/www.pistadegelplatjadaro.com\\\/#organization\"},\"potentialAction\":[{\"@type\":\"SearchAction\",\"target\":{\"@type\":\"EntryPoint\",\"urlTemplate\":\"https:\\\/\\\/www.pistadegelplatjadaro.com\\\/?s={search_term_string}\"},\"query-input\":{\"@type\":\"PropertyValueSpecification\",\"valueRequired\":true,\"valueName\":\"search_term_string\"}}],\"inLanguage\":\"es\"},{\"@type\":\"Organization\",\"@id\":\"https:\\\/\\\/www.pistadegelplatjadaro.com\\\/#organization\",\"name\":\"Pista de Gel Platja d'Aro\",\"url\":\"https:\\\/\\\/www.pistadegelplatjadaro.com\\\/\",\"logo\":{\"@type\":\"ImageObject\",\"inLanguage\":\"es\",\"@id\":\"https:\\\/\\\/www.pistadegelplatjadaro.com\\\/#\\\/schema\\\/logo\\\/image\\\/\",\"url\":\"https:\\\/\\\/www.pistadegelplatjadaro.com\\\/wp-content\\\/uploads\\\/2019\\\/10\\\/Pista-de-Gel-Platja-dAro-Logo-XL.jpg\",\"contentUrl\":\"https:\\\/\\\/www.pistadegelplatjadaro.com\\\/wp-content\\\/uploads\\\/2019\\\/10\\\/Pista-de-Gel-Platja-dAro-Logo-XL.jpg\",\"width\":400,\"height\":192,\"caption\":\"Pista de Gel Platja d'Aro\"},\"image\":{\"@id\":\"https:\\\/\\\/www.pistadegelplatjadaro.com\\\/#\\\/schema\\\/logo\\\/image\\\/\"},\"sameAs\":[\"https:\\\/\\\/www.facebook.com\\\/pistadegelplatjadaro\",\"https:\\\/\\\/www.instagram.com\\\/pistadegelplatjadaro\\\/\"]}]}<\/script>\n<!-- \/ Yoast SEO plugin. -->","yoast_head_json":{"title":"Normativa - Pista de Gel Platja d&#039;Aro","robots":{"index":"index","follow":"follow","max-snippet":"max-snippet:-1","max-image-preview":"max-image-preview:large","max-video-preview":"max-video-preview:-1"},"canonical":"https:\/\/www.pistadegelplatjadaro.com\/es\/normativa\/","og_locale":"es_ES","og_type":"article","og_title":"Normativa - Pista de Gel Platja d&#039;Aro","og_description":"\u00c9s obligatori \u00das de guants a la pista. Portar m\u00e0niga i pantalons llargs. Seguir el sentit de gir indicat pels monitors. Els menors de 5 anys han d&#8217;anar acompanyats d&#8217;un adult. Queda prohibit Menjar, beure o fumar a la pista. Patinar m\u00e9s de dues persones agafades. Entrar a la pista qualsevol objecte. Saltar, fer carreres+ Read More","og_url":"https:\/\/www.pistadegelplatjadaro.com\/es\/normativa\/","og_site_name":"Pista de Gel Platja d&#039;Aro","article_publisher":"https:\/\/www.facebook.com\/pistadegelplatjadaro","article_modified_time":"2025-10-11T16:31:48+00:00","og_image":[{"width":1400,"height":300,"url":"https:\/\/www.pistadegelplatjadaro.com\/wp-content\/uploads\/2019\/11\/Pista-Gel-Platja-dAro-H03-.jpg","type":"image\/jpeg"}],"twitter_card":"summary_large_image","twitter_misc":{"Tiempo de lectura":"1 minuto"},"schema":{"@context":"https:\/\/schema.org","@graph":[{"@type":"WebPage","@id":"https:\/\/www.pistadegelplatjadaro.com\/normativa\/","url":"https:\/\/www.pistadegelplatjadaro.com\/normativa\/","name":"Normativa - Pista de Gel Platja d&#039;Aro","isPartOf":{"@id":"https:\/\/www.pistadegelplatjadaro.com\/#website"},"primaryImageOfPage":{"@id":"https:\/\/www.pistadegelplatjadaro.com\/normativa\/#primaryimage"},"image":{"@id":"https:\/\/www.pistadegelplatjadaro.com\/normativa\/#primaryimage"},"thumbnailUrl":"https:\/\/www.pistadegelplatjadaro.com\/wp-content\/uploads\/2019\/11\/Pista-Gel-Platja-dAro-H03-.jpg","datePublished":"2019-11-19T10:00:39+00:00","dateModified":"2025-10-11T16:31:48+00:00","breadcrumb":{"@id":"https:\/\/www.pistadegelplatjadaro.com\/normativa\/#breadcrumb"},"inLanguage":"es","potentialAction":[{"@type":"ReadAction","target":["https:\/\/www.pistadegelplatjadaro.com\/normativa\/"]}]},{"@type":"ImageObject","inLanguage":"es","@id":"https:\/\/www.pistadegelplatjadaro.com\/normativa\/#primaryimage","url":"https:\/\/www.pistadegelplatjadaro.com\/wp-content\/uploads\/2019\/11\/Pista-Gel-Platja-dAro-H03-.jpg","contentUrl":"https:\/\/www.pistadegelplatjadaro.com\/wp-content\/uploads\/2019\/11\/Pista-Gel-Platja-dAro-H03-.jpg","width":1400,"height":300,"caption":"Pista Gel Platja d'Aro"},{"@type":"BreadcrumbList","@id":"https:\/\/www.pistadegelplatjadaro.com\/normativa\/#breadcrumb","itemListElement":[{"@type":"ListItem","position":1,"name":"Home","item":"https:\/\/www.pistadegelplatjadaro.com\/"},{"@type":"ListItem","position":2,"name":"Normativa"}]},{"@type":"WebSite","@id":"https:\/\/www.pistadegelplatjadaro.com\/#website","url":"https:\/\/www.pistadegelplatjadaro.com\/","name":"Pista de Gel Platja d&#039;Aro","description":"Ponte los patines y \u00a1ven a so\u00f1ar con nosotros!","publisher":{"@id":"https:\/\/www.pistadegelplatjadaro.com\/#organization"},"potentialAction":[{"@type":"SearchAction","target":{"@type":"EntryPoint","urlTemplate":"https:\/\/www.pistadegelplatjadaro.com\/?s={search_term_string}"},"query-input":{"@type":"PropertyValueSpecification","valueRequired":true,"valueName":"search_term_string"}}],"inLanguage":"es"},{"@type":"Organization","@id":"https:\/\/www.pistadegelplatjadaro.com\/#organization","name":"Pista de Gel Platja d'Aro","url":"https:\/\/www.pistadegelplatjadaro.com\/","logo":{"@type":"ImageObject","inLanguage":"es","@id":"https:\/\/www.pistadegelplatjadaro.com\/#\/schema\/logo\/image\/","url":"https:\/\/www.pistadegelplatjadaro.com\/wp-content\/uploads\/2019\/10\/Pista-de-Gel-Platja-dAro-Logo-XL.jpg","contentUrl":"https:\/\/www.pistadegelplatjadaro.com\/wp-content\/uploads\/2019\/10\/Pista-de-Gel-Platja-dAro-Logo-XL.jpg","width":400,"height":192,"caption":"Pista de Gel Platja d'Aro"},"image":{"@id":"https:\/\/www.pistadegelplatjadaro.com\/#\/schema\/logo\/image\/"},"sameAs":["https:\/\/www.facebook.com\/pistadegelplatjadaro","https:\/\/www.instagram.com\/pistadegelplatjadaro\/"]}]}},"_links":{"self":[{"href":"https:\/\/www.pistadegelplatjadaro.com\/es\/wp-json\/wp\/v2\/pages\/609","targetHints":{"allow":["GET"]}}],"collection":[{"href":"https:\/\/www.pistadegelplatjadaro.com\/es\/wp-json\/wp\/v2\/pages"}],"about":[{"href":"https:\/\/www.pistadegelplatjadaro.com\/es\/wp-json\/wp\/v2\/types\/page"}],"author":[{"embeddable":true,"href":"https:\/\/www.pistadegelplatjadaro.com\/es\/wp-json\/wp\/v2\/users\/1"}],"replies":[{"embeddable":true,"href":"https:\/\/www.pistadegelplatjadaro.com\/es\/wp-json\/wp\/v2\/comments?post=609"}],"version-history":[{"count":6,"href":"https:\/\/www.pistadegelplatjadaro.com\/es\/wp-json\/wp\/v2\/pages\/609\/revisions"}],"predecessor-version":[{"id":2888,"href":"https:\/\/www.pistadegelplatjadaro.com\/es\/wp-json\/wp\/v2\/pages\/609\/revisions\/2888"}],"wp:featuredmedia":[{"embeddable":true,"href":"https:\/\/www.pistadegelplatjadaro.com\/es\/wp-json\/wp\/v2\/media\/1041"}],"wp:attachment":[{"href":"https:\/\/www.pistadegelplatjadaro.com\/es\/wp-json\/wp\/v2\/media?parent=609"}],"curies":[{"name":"wp","href":"https:\/\/api.w.org\/{rel}","templated":true}]}}